{"id":1273,"date":"2025-03-03T03:42:06","date_gmt":"2025-03-02T20:42:06","guid":{"rendered":"https:\/\/nagoyamachinery.com\/?page_id=1273"},"modified":"2025-11-19T04:20:37","modified_gmt":"2025-11-19T04:20:37","slug":"lien-he","status":"publish","type":"page","link":"https:\/\/nagoyamachinery.com\/vi\/lien-he\/","title":{"rendered":"Li\u00ean h\u1ec7"},"content":{"rendered":"\n  <div class=\"banner has-hover\" id=\"banner-1874449014\">\n          <div class=\"banner-inner fill\">\n        <div class=\"banner-bg fill\" >\n            <img loading=\"lazy\" decoding=\"async\" width=\"1440\" height=\"700\" src=\"https:\/\/nagoyamachinery.com\/wp-content\/uploads\/2025\/03\/slide.png\" class=\"bg attachment-original size-original\" alt=\"\" \/>                                    \n                    <\/div>\n\t\t\n        <div class=\"banner-layers container\">\n            <div class=\"fill banner-link\"><\/div>            \n   <div id=\"text-box-395730667\" class=\"text-box banner-layer x50 md-x50 lg-x50 y50 md-y50 lg-y50 res-text\">\n                                <div class=\"text-box-content text dark\">\n              \n              <div class=\"text-inner text-center\">\n                  \n              <\/div>\n           <\/div>\n                            \n<style>\n#text-box-395730667 {\n  width: 60%;\n}\n#text-box-395730667 .text-box-content {\n  font-size: 100%;\n}\n@media (min-width:550px) {\n  #text-box-395730667 {\n    width: 60%;\n  }\n}\n<\/style>\n    <\/div>\n \n        <\/div>\n      <\/div>\n\n            \n<style>\n#banner-1874449014 {\n  padding-top: 200px;\n}\n@media (min-width:550px) {\n  #banner-1874449014 {\n    padding-top: 400px;\n  }\n}\n@media (min-width:850px) {\n  #banner-1874449014 {\n    padding-top: 300px;\n  }\n}\n<\/style>\n  <\/div>\n\n\n\n\t<section class=\"section\" id=\"section_1240723405\">\n\t\t<div class=\"section-bg fill\" >\n\t\t\t\t\t\t\t\t\t\n\t\t\t\n\n\t\t<\/div>\n\n\t\t\n\n\t\t<div class=\"section-content relative\">\n\t\t\t\r\n\r\n<div class=\"row\"  id=\"row-139876897\">\r\n\r\n\n\t<div id=\"col-713971975\" class=\"col pb-0 small-12 large-12\"  >\n\t\t\t\t<div class=\"col-inner\"  >\n\t\t\t\n\t\t\t\r\n\r\n\r\n\r\n<nav aria-label=\"breadcrumbs\" class=\"rank-math-breadcrumb\"><p><span class=\"last\">Trang ch\u1ee7<\/span><\/p><\/nav>\r\n\r\n\r\n\t\t<\/div>\n\t\t\t\t\t<\/div>\n\n\t\r\n\r\n<\/div>\r\n\r\n\t\t<\/div>\n\n\t\t\n<style>\n#section_1240723405 {\n  padding-top: 1rem;\n  padding-bottom: 1rem;\n  background-color: rgb(237, 247, 252);\n}\n<\/style>\n\t<\/section>\n\t\n\n\t<section class=\"section\" id=\"section_1952395704\">\n\t\t<div class=\"section-bg fill\" >\n\t\t\t\t\t\t\t\t\t\n\t\t\t\n\n\t\t<\/div>\n\n\t\t\n\n\t\t<div class=\"section-content relative\">\n\t\t\t\n<div class=\"row row-small\"  id=\"row-1918815559\">\n\n\t<div id=\"col-1675021200\" class=\"col small-12 large-12\"  >\n\t\t\t\t<div class=\"col-inner\"  >\n\t\t\t\n\t\t\t\n<div class=\"container section-title-container mb-0\" ><h1 class=\"section-title section-title-normal\"><b aria-hidden=\"true\"><\/b><span class=\"section-title-main\" >Li\u00ean h\u1ec7 v\u1edbi ch\u00fang t\u00f4i<\/span><b aria-hidden=\"true\"><\/b><\/h1><\/div>\n<div class=\"is-divider divider clearfix\" style=\"margin-top:0px;margin-bottom:0px;max-width:15%;height:1px;background-color:rgb(51, 153, 204);\"><\/div>\n\t<div id=\"gap-938803585\" class=\"gap-element clearfix\" style=\"display:block; height:auto;\">\n\t\t\n<style>\n#gap-938803585 {\n  padding-top: 30px;\n}\n<\/style>\n\t<\/div>\n\t\n\t\t<\/div>\n\t\t\t\t\t<\/div>\n\n\t\n\n\t<div id=\"col-377086861\" class=\"col medium-5 small-12 large-5\"  >\n\t\t\t\t<div class=\"col-inner\"  >\n\t\t\t\n\t\t\t\n<div class=\"row row-content-contact\"  id=\"row-898665592\">\n\n\t<div id=\"col-1789233346\" class=\"col col-content-form small-12 large-12\"  >\n\t\t\t\t<div class=\"col-inner\"  >\n\t\t\t\n\t\t\t\n<h3><span style=\"color: #000000;\"><strong>Th\u00f4ng tin li\u00ean h\u1ec7<\/strong><\/span><\/h3>\n<p><strong><img loading=\"lazy\" decoding=\"async\" class=\"mb-0 mr-2 alignnone wp-image-370 size-full\" src=\"https:\/\/nagoyamachinery.com\/wp-content\/uploads\/2025\/03\/map-pin.png\" alt=\"\" width=\"20\" height=\"20\" \/>NAGOYA H\u1ed2 CH\u00cd MINH &#8211; TR\u1ee4 S\u1ede CH\u00cdNH:<\/strong><br \/>\n\u0110\u1ecba Ch\u1ec9: T\u1ea7ng 4-5, 24-26 \u0110\u01b0\u1eddng 9A, KDC Trung S\u01a1n, X\u00e3 B\u00ecnh H\u01b0ng, TP. HCM<br \/>\nTel: 028-5415 9120 Hotline: 028-5415 9125\/ 0908 211 377<br \/>\nEmail: <a href=\"mailto:nagoyahcm@nagoyamachinery.com\">nagoyahcm@nagoyamachinery.com<\/a><\/p>\n<p><strong><img loading=\"lazy\" decoding=\"async\" class=\"mb-0 mr-2 alignnone wp-image-370 size-full\" src=\"https:\/\/nagoyamachinery.com\/wp-content\/uploads\/2025\/03\/map-pin.png\" alt=\"\" width=\"20\" height=\"20\" \/>CHI NH\u00c1NH NAGOYA H\u00c0 N\u1ed8I:<\/strong><br \/>\n\u0110\u1ecba Ch\u1ec9: T\u1ea7ng 8- T\u00f2a\u00a0nh\u00e0\u00a0Nikko, S\u1ed1 27 Nguy\u1ec5n Tr\u01b0\u1eddng T\u1ed9, Ph\u01b0\u1eddng Ba \u0110\u00ecnh, TP H\u00e0 N\u1ed9i<br \/>\nTel: 024-9275390 Hotline: 024-3927 3321\/ 0915 069 436<br \/>\nEmail: <a href=\"mailto:nagoyahn@nagoyamachinery.com\">nagoyahn@nagoyamachinery.com<\/a><\/p>\n<p><a href=\"mailto:nagoyahn@nagoyamachinery.com%3C\/a\"><strong><img loading=\"lazy\" decoding=\"async\" class=\"mb-0 mr-2 alignnone wp-image-370 size-full\" src=\"https:\/\/nagoyamachinery.com\/wp-content\/uploads\/2025\/03\/map-pin.png\" alt=\"\" width=\"20\" height=\"20\" \/><span style=\"color: #282828;\">NH\u00c0 M\u00c1Y NAGOYA B\u00ccNH D\u01af\u01a0NG:<\/span><\/strong><br \/>\n<span style=\"color: #282828;\">\u0110\u1ecba Ch\u1ec9: L\u00f4 E, \u0110\u01b0\u1eddng s\u1ed1 8, KCN S\u00f3ng Th\u1ea7n 1, Ph\u01b0\u1eddng D\u0129 An, TP HCM<\/span><br \/>\n<span style=\"color: #282828;\">Tel: 0274 3737229<\/span><br \/>\n<span style=\"color: #282828;\">Mr. \u0110\u1ea1o \u2013 Gi\u00e1m \u0110\u1ed1c Nh\u00e0 M\u00e1y\/ Tr\u1ee3 l\u00fd TG\u0110 &#8211; 0908 894 626<\/span><\/a><\/p>\n<p><a href=\"mailto:nagoyahn@nagoyamachinery.com%3C\/a\"><strong><img loading=\"lazy\" decoding=\"async\" class=\"mb-0 mr-2 alignnone wp-image-370 size-full\" src=\"https:\/\/nagoyamachinery.com\/wp-content\/uploads\/2025\/03\/map-pin.png\" alt=\"\" width=\"20\" height=\"20\" \/><span style=\"color: #808080;\"><span style=\"color: #282828;\">NH\u00c0 M\u00c1Y NAGOYA H\u1ea2I D\u01af\u01a0NG (\u0110\u1ed0I T\u00c1C): <\/span>\u00a0<\/span><\/strong><br \/>\n<span style=\"color: #282828;\">\u0110\u1ecba Ch\u1ec9: Th\u00f4n Qu\u1ef3nh Kh\u00ea, X\u00e3 Ph\u00fa Th\u00e1i, TP H\u1ea3i Ph\u00f2ng<\/span><br \/>\n<span style=\"color: #282828;\">Tel : 0220 356 1266<\/span><br \/>\n<span style=\"color: #282828;\">Mr. S\u00e2m \u2013 Gi\u00e1m \u0110\u1ed1c Nh\u00e0 M\u00e1y &#8211; 0902 117 582<\/span><\/a><\/p>\n\t\t<\/div>\n\t\t\t\t\t<\/div>\n\n\t\n\n\t<div id=\"col-1422348807\" class=\"col small-12 large-12\"  >\n\t\t\t\t<div class=\"col-inner\"  >\n\t\t\t\n\t\t\t\n\n<div class=\"wpcf7 no-js\" id=\"wpcf7-f1281-o1\" lang=\"vi-VN\" dir=\"ltr\" data-wpcf7-id=\"1281\">\n<div class=\"screen-reader-response\"><p role=\"status\" aria-live=\"polite\" aria-atomic=\"true\"><\/p> <ul><\/ul><\/div>\n<form action=\"\/vi\/wp-json\/wp\/v2\/pages\/1273#wpcf7-f1281-o1\" method=\"post\" class=\"wpcf7-form init\" aria-label=\"Contact form\" novalidate=\"novalidate\" data-status=\"init\">\n<fieldset class=\"hidden-fields-container\"><input type=\"hidden\" name=\"_wpcf7\" value=\"1281\" \/><input type=\"hidden\" name=\"_wpcf7_version\" value=\"6.1.4\" \/><input type=\"hidden\" name=\"_wpcf7_locale\" value=\"vi_VN\" \/><input type=\"hidden\" name=\"_wpcf7_unit_tag\" value=\"wpcf7-f1281-o1\" \/><input type=\"hidden\" name=\"_wpcf7_container_post\" value=\"0\" \/><input type=\"hidden\" name=\"_wpcf7_posted_data_hash\" value=\"\" \/>\n<\/fieldset>\n<div class=\"group\">\n\t<p><label><span class=\"wpcf7-form-control-wrap\" data-name=\"your-name\"><input size=\"40\" maxlength=\"400\" class=\"wpcf7-form-control wpcf7-text wpcf7-validates-as-required\" autocomplete=\"name\" aria-required=\"true\" aria-invalid=\"false\" placeholder=\"H\u1ecd v\u00e0 T\u00ean\" value=\"\" type=\"text\" name=\"your-name\" \/><\/span> <\/label><label><span class=\"wpcf7-form-control-wrap\" data-name=\"your-phone\"><input size=\"40\" maxlength=\"400\" class=\"wpcf7-form-control wpcf7-text wpcf7-validates-as-required\" autocomplete=\"phone\" aria-required=\"true\" aria-invalid=\"false\" placeholder=\"S\u1ed1 \u0111i\u1ec7n tho\u1ea1i\" value=\"\" type=\"text\" name=\"your-phone\" \/><\/span> <\/label>\n\t<\/p>\n<\/div>\n<p><label><span class=\"wpcf7-form-control-wrap\" data-name=\"your-email\"><input size=\"40\" maxlength=\"400\" class=\"wpcf7-form-control wpcf7-email wpcf7-validates-as-required wpcf7-text wpcf7-validates-as-email\" autocomplete=\"email\" aria-required=\"true\" aria-invalid=\"false\" placeholder=\"Email\" value=\"\" type=\"email\" name=\"your-email\" \/><\/span> <\/label>\n<\/p>\n<p><label><span class=\"wpcf7-form-control-wrap\" data-name=\"your-message\"><textarea cols=\"40\" rows=\"10\" maxlength=\"2000\" class=\"wpcf7-form-control wpcf7-textarea\" aria-invalid=\"false\" placeholder=\"L\u1eddi nh\u1eafn\" name=\"your-message\"><\/textarea><\/span> <\/label>\n<\/p>\n<p><input class=\"wpcf7-form-control wpcf7-submit has-spinner\" type=\"submit\" value=\"G\u1eedi\" \/>\n<\/p><div class=\"wpcf7-response-output\" aria-hidden=\"true\"><\/div>\n<\/form>\n<\/div>\n\n\t\t<\/div>\n\t\t\t\t\t<\/div>\n\n\t\n<\/div>\n\t\t<\/div>\n\t\t\t\t\t<\/div>\n\n\t\n\n\t<div id=\"col-1787530880\" class=\"col col-map medium-7 small-12 large-7\"  >\n\t\t\t\t<div class=\"col-inner\"  >\n\t\t\t\n\t\t\t\n\n<p><iframe loading=\"lazy\" style=\"border: 0;\" src=\"https:\/\/www.google.com\/maps\/embed?pb=!1m14!1m8!1m3!1d15679.84547824525!2d106.6898084!3d10.7374608!3m2!1i1024!2i768!4f13.1!3m3!1m2!1s0x31752f80926e2085%3A0x636c8b4f04197356!2zQ8O0bmcgVHkgVE5ISCBUSEnhur5UIELhu4ogQ8OUTkcgTkdISeG7hlAgTi5BLkcuTy5ZLkE!5e0!3m2!1svi!2s!4v1744385094284!5m2!1svi!2s\" width=\"600\" height=\"450\" allowfullscreen=\"allowfullscreen\" data-mce-fragment=\"1\"><\/iframe><br \/>\n\n\t\t<\/div>\n\t\t\t\t\t<\/div>\n\n\t\n<\/div>\n\t\t<\/div>\n\n\t\t\n<style>\n#section_1952395704 {\n  padding-top: 30px;\n  padding-bottom: 30px;\n}\n<\/style>\n\t<\/section>\n\t\n","protected":false},"excerpt":{"rendered":"","protected":false},"author":1,"featured_media":0,"parent":0,"menu_order":0,"comment_status":"closed","ping_status":"closed","template":"page-blank.php","meta":{"footnotes":""},"class_list":["post-1273","page","type-page","status-publish","hentry"],"acf":[],"_links":{"self":[{"href":"https:\/\/nagoyamachinery.com\/vi\/wp-json\/wp\/v2\/pages\/1273","targetHints":{"allow":["GET"]}}],"collection":[{"href":"https:\/\/nagoyamachinery.com\/vi\/wp-json\/wp\/v2\/pages"}],"about":[{"href":"https:\/\/nagoyamachinery.com\/vi\/wp-json\/wp\/v2\/types\/page"}],"author":[{"embeddable":true,"href":"https:\/\/nagoyamachinery.com\/vi\/wp-json\/wp\/v2\/users\/1"}],"replies":[{"embeddable":true,"href":"https:\/\/nagoyamachinery.com\/vi\/wp-json\/wp\/v2\/comments?post=1273"}],"version-history":[{"count":17,"href":"https:\/\/nagoyamachinery.com\/vi\/wp-json\/wp\/v2\/pages\/1273\/revisions"}],"predecessor-version":[{"id":1467,"href":"https:\/\/nagoyamachinery.com\/vi\/wp-json\/wp\/v2\/pages\/1273\/revisions\/1467"}],"wp:attachment":[{"href":"https:\/\/nagoyamachinery.com\/vi\/wp-json\/wp\/v2\/media?parent=1273"}],"curies":[{"name":"wp","href":"https:\/\/api.w.org\/{rel}","templated":true}]}}